{"id":271,"date":"2021-10-21T16:28:43","date_gmt":"2021-10-21T14:28:43","guid":{"rendered":"http:\/\/luzmorenopinart.com\/?page_id=271"},"modified":"2021-10-25T11:14:45","modified_gmt":"2021-10-25T09:14:45","slug":"mentions-legales","status":"publish","type":"page","link":"http:\/\/luzmorenopinart.com\/en\/mentions-legales\/","title":{"rendered":"Legal Notice"},"content":{"rendered":"","protected":false},"excerpt":{"rendered":"","protected":false},"author":1,"featured_media":0,"parent":0,"menu_order":4,"comment_status":"closed","ping_status":"closed","template":"","meta":{"footnotes":""},"yoast_head":"<!-- This site is optimized with the Yoast SEO plugin v22.6 - https:\/\/yoast.com\/wordpress\/plugins\/seo\/ -->\n<title>Legal Notice &#8226; WordPress<\/title>\n<meta name=\"robots\" content=\"index, follow, max-snippet:-1, max-image-preview:large, max-video-preview:-1\" \/>\n<link rel=\"canonical\" href=\"http:\/\/luzmorenopinart.com\/en\/mentions-legales\/\" \/>\n<meta property=\"og:locale\" content=\"en_US\" \/>\n<meta property=\"og:type\" content=\"article\" \/>\n<meta property=\"og:title\" content=\"[:fr]Mentions l\u00e9gales[:en]Legal Notice[:] &#8226; WordPress\" \/>\n<meta property=\"og:url\" content=\"http:\/\/luzmorenopinart.com\/en\/mentions-legales\/\" \/>\n<meta property=\"og:site_name\" content=\"WordPress\" \/>\n<meta property=\"article:modified_time\" content=\"2021-10-25T09:14:45+00:00\" \/>\n<meta property=\"og:image\" content=\"https:\/\/i0.wp.com\/luzmorenopinart.com\/wp-content\/uploads\/2021\/10\/luz-moreno-pinart_intro_1.jpg?fit=2667%2C1667\" \/>\n\t<meta property=\"og:image:width\" content=\"2667\" \/>\n\t<meta property=\"og:image:height\" content=\"1667\" \/>\n\t<meta property=\"og:image:type\" content=\"image\/jpeg\" \/>\n<meta name=\"twitter:card\" content=\"summary_large_image\" \/>\n<script type=\"application\/ld+json\" class=\"yoast-schema-graph\">{\"@context\":\"https:\/\/schema.org\",\"@graph\":[{\"@type\":\"WebPage\",\"@id\":\"http:\/\/luzmorenopinart.com\/en\/mentions-legales\/\",\"url\":\"http:\/\/luzmorenopinart.com\/en\/mentions-legales\/\",\"name\":\"[:fr]Mentions l\u00e9gales[:en]Legal Notice[:] &#8226; WordPress\",\"isPartOf\":{\"@id\":\"http:\/\/luzmorenopinart.com\/en\/#website\"},\"datePublished\":\"2021-10-21T14:28:43+00:00\",\"dateModified\":\"2021-10-25T09:14:45+00:00\",\"breadcrumb\":{\"@id\":\"http:\/\/luzmorenopinart.com\/en\/mentions-legales\/#breadcrumb\"},\"inLanguage\":\"en-US\",\"potentialAction\":[{\"@type\":\"ReadAction\",\"target\":[\"http:\/\/luzmorenopinart.com\/en\/mentions-legales\/\"]}]},{\"@type\":\"BreadcrumbList\",\"@id\":\"http:\/\/luzmorenopinart.com\/en\/mentions-legales\/#breadcrumb\",\"itemListElement\":[{\"@type\":\"ListItem\",\"position\":1,\"name\":\"Accueil\",\"item\":\"http:\/\/luzmorenopinart.com\/en\/\"},{\"@type\":\"ListItem\",\"position\":2,\"name\":\"Legal Notice\"}]},{\"@type\":\"WebSite\",\"@id\":\"http:\/\/luzmorenopinart.com\/en\/#website\",\"url\":\"http:\/\/luzmorenopinart.com\/en\/\",\"name\":\"WordPress\",\"description\":\"FOOD - ART - DIREC\",\"publisher\":{\"@id\":\"http:\/\/luzmorenopinart.com\/en\/#\/schema\/person\/e0addf4464c76b0f70e56c2bd3ecd1ab\"},\"potentialAction\":[{\"@type\":\"SearchAction\",\"target\":{\"@type\":\"EntryPoint\",\"urlTemplate\":\"http:\/\/luzmorenopinart.com\/en\/?s={search_term_string}\"},\"query-input\":\"required name=search_term_string\"}],\"inLanguage\":\"en-US\"},{\"@type\":[\"Person\",\"Organization\"],\"@id\":\"http:\/\/luzmorenopinart.com\/en\/#\/schema\/person\/e0addf4464c76b0f70e56c2bd3ecd1ab\",\"name\":\"admin6436\",\"image\":{\"@type\":\"ImageObject\",\"inLanguage\":\"en-US\",\"@id\":\"http:\/\/luzmorenopinart.com\/en\/#\/schema\/person\/image\/\",\"url\":\"https:\/\/i0.wp.com\/luzmorenopinart.com\/wp-content\/uploads\/2021\/10\/portrait-3.png?fit=2191%2C1446&ssl=1\",\"contentUrl\":\"https:\/\/i0.wp.com\/luzmorenopinart.com\/wp-content\/uploads\/2021\/10\/portrait-3.png?fit=2191%2C1446&ssl=1\",\"width\":2191,\"height\":1446,\"caption\":\"admin6436\"},\"logo\":{\"@id\":\"http:\/\/luzmorenopinart.com\/en\/#\/schema\/person\/image\/\"},\"description\":\"FOOD ART DIRECTION ARTISTIQUE\",\"sameAs\":[\"http:\/\/luzmorenopinart.com\",\"https:\/\/www.instagram.com\/luzluzmoreno\/?hl=fr\",\"https:\/\/www.linkedin.com\/in\/luz-moreno-pinart-06582b52\/?originalSubdomain=fr\"]}]}<\/script>\n<!-- \/ Yoast SEO plugin. -->","yoast_head_json":{"title":"[:fr]Mentions l\u00e9gales[:en]Legal Notice[:] &#8226; WordPress","robots":{"index":"index","follow":"follow","max-snippet":"max-snippet:-1","max-image-preview":"max-image-preview:large","max-video-preview":"max-video-preview:-1"},"canonical":"http:\/\/luzmorenopinart.com\/en\/mentions-legales\/","og_locale":"en_US","og_type":"article","og_title":"[:fr]Mentions l\u00e9gales[:en]Legal Notice[:] &#8226; WordPress","og_url":"http:\/\/luzmorenopinart.com\/en\/mentions-legales\/","og_site_name":"WordPress","article_modified_time":"2021-10-25T09:14:45+00:00","og_image":[{"url":"https:\/\/i0.wp.com\/luzmorenopinart.com\/wp-content\/uploads\/2021\/10\/luz-moreno-pinart_intro_1.jpg?fit=2667%2C1667","width":2667,"height":1667,"type":"image\/jpeg"}],"twitter_card":"summary_large_image","schema":{"@context":"https:\/\/schema.org","@graph":[{"@type":"WebPage","@id":"http:\/\/luzmorenopinart.com\/en\/mentions-legales\/","url":"http:\/\/luzmorenopinart.com\/en\/mentions-legales\/","name":"[:fr]Mentions l\u00e9gales[:en]Legal Notice[:] &#8226; WordPress","isPartOf":{"@id":"http:\/\/luzmorenopinart.com\/en\/#website"},"datePublished":"2021-10-21T14:28:43+00:00","dateModified":"2021-10-25T09:14:45+00:00","breadcrumb":{"@id":"http:\/\/luzmorenopinart.com\/en\/mentions-legales\/#breadcrumb"},"inLanguage":"en-US","potentialAction":[{"@type":"ReadAction","target":["http:\/\/luzmorenopinart.com\/en\/mentions-legales\/"]}]},{"@type":"BreadcrumbList","@id":"http:\/\/luzmorenopinart.com\/en\/mentions-legales\/#breadcrumb","itemListElement":[{"@type":"ListItem","position":1,"name":"Accueil","item":"http:\/\/luzmorenopinart.com\/en\/"},{"@type":"ListItem","position":2,"name":"Legal Notice"}]},{"@type":"WebSite","@id":"http:\/\/luzmorenopinart.com\/en\/#website","url":"http:\/\/luzmorenopinart.com\/en\/","name":"WordPress","description":"FOOD - ART - DIREC","publisher":{"@id":"http:\/\/luzmorenopinart.com\/en\/#\/schema\/person\/e0addf4464c76b0f70e56c2bd3ecd1ab"},"potentialAction":[{"@type":"SearchAction","target":{"@type":"EntryPoint","urlTemplate":"http:\/\/luzmorenopinart.com\/en\/?s={search_term_string}"},"query-input":"required name=search_term_string"}],"inLanguage":"en-US"},{"@type":["Person","Organization"],"@id":"http:\/\/luzmorenopinart.com\/en\/#\/schema\/person\/e0addf4464c76b0f70e56c2bd3ecd1ab","name":"admin6436","image":{"@type":"ImageObject","inLanguage":"en-US","@id":"http:\/\/luzmorenopinart.com\/en\/#\/schema\/person\/image\/","url":"https:\/\/i0.wp.com\/luzmorenopinart.com\/wp-content\/uploads\/2021\/10\/portrait-3.png?fit=2191%2C1446&ssl=1","contentUrl":"https:\/\/i0.wp.com\/luzmorenopinart.com\/wp-content\/uploads\/2021\/10\/portrait-3.png?fit=2191%2C1446&ssl=1","width":2191,"height":1446,"caption":"admin6436"},"logo":{"@id":"http:\/\/luzmorenopinart.com\/en\/#\/schema\/person\/image\/"},"description":"FOOD ART DIRECTION ARTISTIQUE","sameAs":["http:\/\/luzmorenopinart.com","https:\/\/www.instagram.com\/luzluzmoreno\/?hl=fr","https:\/\/www.linkedin.com\/in\/luz-moreno-pinart-06582b52\/?originalSubdomain=fr"]}]}},"jetpack_sharing_enabled":true,"grid":"{\r\n  \"colCount\": 12,\r\n  \"colGutter\": 1.5,\r\n  \"rowGutters\": [\r\n    0,\r\n    0,\r\n    0\r\n  ],\r\n  \"frameMargin\": 5,\r\n  \"topFrameMargin\": 150,\r\n  \"bottomFrameMargin\": 0,\r\n  \"rowAttrs\": [\r\n    {},\r\n    {},\r\n    {},\r\n    {}\r\n  ],\r\n  \"bgColor\": \"#b6c0d4\",\r\n  \"cont\": [\r\n    {\r\n      \"type\": \"hr\",\r\n      \"cont\": \"\",\r\n      \"align\": \"top\",\r\n      \"row\": 0,\r\n      \"col\": 0,\r\n      \"colspan\": 12,\r\n      \"offsetx\": 0,\r\n      \"offsety\": 0,\r\n      \"spaceabove\": 0,\r\n      \"spacebelow\": 1,\r\n      \"yvel\": 1,\r\n      \"push\": 0,\r\n      \"relid\": 5,\r\n      \"frameOverflow\": \"both\",\r\n      \"dosync\": false\r\n    },\r\n    {\r\n      \"type\": \"text\",\r\n      \"cont\": \"<div><div data-type=\\\"text\\\" data-yvel=\\\"1\\\"><p class=\\\"_textecourant\\\">Le site de Luz Moreno Pinart, accessible \u00e0 l\u2019adresse URL <a href=\\\"https:\/\/luzmorenopinart.com\/\\\">https:\/\/luzmorenopinart.com<\/a> est \u00e9dit\u00e9 par Luz Moreno Pinart, artiste et designer culinaire.<\/p><p class=\\\"_textecourant\\\" data-type=\\\"text\\\" data-yvel=\\\"1\\\"><span style=\\\"font-family: aileron_semibold;\\\"><span style=\\\"font-family: Compagnon-Light;\\\">T\u00c9L<\/span> : +33 (0)6 78 10 43 47<\/span><\/p><p class=\\\"_textecourant\\\" data-type=\\\"text\\\" data-yvel=\\\"1\\\"><span style=\\\"font-family: aileron_semibold;\\\"><span style=\\\"font-family: Compagnon-Light;\\\">E-MAIL<\/span> : <a href=\\\"mailto:luzmorenopinart@gmail.com\\\">luzmorenopinart@gmail.com<\/a><a href=\\\"mailto:contact@cognard-avocat.com\\\"><\/a><\/span><\/p><p class=\\\"_textecourant\\\"><span style=\\\"font-family: aileron_semibold;\\\">La directrice de la publication du site est Luz Moreno Pinart.<\/span><\/p><p class=\\\"_textecourant\\\"><span style=\\\"font-family: aileron_semibold;\\\">Ce site a \u00e9t\u00e9 con\u00e7u par le Studio Double :<a rel=\\\"noopener\\\" href=\\\"http:\/\/www.doublelestudio.com\/\\\" target=\\\"_blank\\\" data-id=\\\"0\\\">\u00a0doublelestudio.com<\/a><\/span><\/p><p class=\\\"_textecourant\\\"><span style=\\\"font-family: aileron_semibold;\\\">L\u2019h\u00e9bergeur de ce site est OVH.com<\/span><\/p><p class=\\\"_textecourant\\\"><span style=\\\"font-family: aileron_semibold;\\\">Les photographies du projet Dialogue Dans\u00e9 ont \u00e9t\u00e9 r\u00e9alis\u00e9es par L\u00e9a Troulard.<\/span><\/p><\/div><\/div>\",\r\n      \"align\": \"top\",\r\n      \"row\": 1,\r\n      \"col\": 3,\r\n      \"colspan\": 7,\r\n      \"offsetx\": 0,\r\n      \"offsety\": 0,\r\n      \"spaceabove\": 1,\r\n      \"spacebelow\": 2,\r\n      \"yvel\": 1,\r\n      \"push\": 3,\r\n      \"relid\": 6,\r\n      \"dosync\": false\r\n    },\r\n    {\r\n      \"type\": \"hr\",\r\n      \"cont\": \"\",\r\n      \"align\": \"middle\",\r\n      \"row\": 2,\r\n      \"col\": 0,\r\n      \"colspan\": 12,\r\n      \"offsetx\": 0,\r\n      \"offsety\": 0,\r\n      \"spaceabove\": 0,\r\n      \"spacebelow\": 0,\r\n      \"yvel\": 1,\r\n      \"push\": 0,\r\n      \"relid\": 8,\r\n      \"frameOverflow\": \"both\",\r\n      \"dosync\": false\r\n    },\r\n    {\r\n      \"type\": \"text\",\r\n      \"cont\": \"<div><div><div><div data-type=\\\"text\\\" data-yvel=\\\"1\\\"><p class=\\\"_textecourant\\\"><span style=\\\"font-family: aileron_semibold;\\\">L\u2019\u00e9diteur du site est titulaire des droits de propri\u00e9t\u00e9 intellectuelle sur l\u2019ensemble des \u00e9l\u00e9ments composants le site. Par cons\u00e9quent, toute reproduction, repr\u00e9sentation, adaptation, traduction et\/ou transformation partielle ou int\u00e9grale, et\/ou un transfert sur un autre site Internet de tout \u00e9l\u00e9ment ou donn\u00e9e composant le site, ainsi que toute reproduction des marques et\/ou logos figurant sur le site, par quelque moyen que ce soit, sans autorisation pr\u00e9alable et \u00e9crite de l\u2019\u00e9diteur, est strictement interdite. \u00c0 l\u2019exception de sites diffusant des informations et\/ou contenus ayant un caract\u00e8re ill\u00e9gal et\/ou \u00e0 caract\u00e8re politique, religieux, pornographique, x\u00e9nophobe, vous pouvez cr\u00e9er un lien hypertexte vers le site. Ce lien devra diriger vers la page d\u2019accueil du site et ouvrir le site dans une nouvelle fen\u00eatre de navigation laissant appara\u00eetre l\u2019adresse https:\/\/luzmorenopinart.com<\/span><\/p><\/div><\/div><\/div><\/div>\",\r\n      \"align\": \"top\",\r\n      \"row\": 3,\r\n      \"col\": 3,\r\n      \"colspan\": 7,\r\n      \"offsetx\": 0,\r\n      \"offsety\": 0,\r\n      \"spaceabove\": 2,\r\n      \"spacebelow\": 2,\r\n      \"yvel\": 1,\r\n      \"push\": 3,\r\n      \"relid\": 4,\r\n      \"frameOverflow\": \"\",\r\n      \"dosync\": false\r\n    }\r\n  ]\r\n}","phonegrid":"{\r\n  \"colCount\": 12,\r\n  \"colGutter\": 1.5,\r\n  \"rowGutters\": [\r\n    5,\r\n    5\r\n  ],\r\n  \"frameMargin\": 5,\r\n  \"topFrameMargin\": 5,\r\n  \"bottomFrameMargin\": 5,\r\n  \"rowAttrs\": [\r\n    {},\r\n    {},\r\n    {}\r\n  ],\r\n  \"bgColor\": \"#b6c0d4\",\r\n  \"cont\": [\r\n    {\r\n      \"type\": \"text\",\r\n      \"cont\": \"<div><div data-type=\\\"text\\\" data-yvel=\\\"1\\\"><p class=\\\"_textecourant\\\">Le site de Luz Moreno Pinart, accessible \u00e0 l\u2019adresse URL <a href=\\\"https:\/\/luzmorenopinart.com\/\\\">https:\/\/luzmorenopinart.com<\/a> est \u00e9dit\u00e9 par Luz Moreno Pinart, artiste et designer culinaire.<\/p><p class=\\\"_textecourant\\\" data-type=\\\"text\\\" data-yvel=\\\"1\\\"><span style=\\\"font-family: aileron_semibold;\\\"><span style=\\\"font-family: Compagnon-Light;\\\">T\u00c9L<\/span> : +33 (0)6 78 10 43 47<\/span><\/p><p class=\\\"_textecourant\\\" data-type=\\\"text\\\" data-yvel=\\\"1\\\"><span style=\\\"font-family: aileron_semibold;\\\"><span style=\\\"font-family: Compagnon-Light;\\\">E-MAIL<\/span> : <a href=\\\"mailto:luzmorenopinart@gmail.com\\\">luzmorenopinart@gmail.com<\/a><a href=\\\"mailto:contact@cognard-avocat.com\\\"><\/a><\/span><\/p><p class=\\\"_textecourant\\\"><span style=\\\"font-family: aileron_semibold;\\\">La directrice de la publication du site est Luz Moreno Pinart.<\/span><\/p><p class=\\\"_textecourant\\\"><span style=\\\"font-family: aileron_semibold;\\\">Ce site a \u00e9t\u00e9 con\u00e7u par le Studio Double:<a rel=\\\"noopener\\\" href=\\\"http:\/\/www.doublelestudio.com\/\\\" target=\\\"_blank\\\" data-id=\\\"0\\\">\u00a0doublelestudio.com<\/a><\/span><\/p><p class=\\\"_textecourant\\\"><span style=\\\"font-family: aileron_semibold;\\\">L\u2019h\u00e9bergeur de ce site est OVH.com<\/span><\/p><p class=\\\"_textecourant\\\"><span style=\\\"font-family: aileron_semibold;\\\">Les photographies du projet Dialogue Dans\u00e9 ont \u00e9t\u00e9 r\u00e9alis\u00e9es par L\u00e9a Troulard.<\/span><\/p><\/div><\/div>\",\r\n      \"align\": \"top\",\r\n      \"row\": 0,\r\n      \"col\": 1,\r\n      \"colspan\": 10,\r\n      \"offsetx\": 0,\r\n      \"offsety\": 0,\r\n      \"spaceabove\": 1,\r\n      \"spacebelow\": 2,\r\n      \"yvel\": 1,\r\n      \"push\": 1,\r\n      \"relid\": 6,\r\n      \"dosync\": false\r\n    },\r\n    {\r\n      \"type\": \"hr\",\r\n      \"cont\": \"\",\r\n      \"align\": \"middle\",\r\n      \"row\": 1,\r\n      \"col\": 0,\r\n      \"colspan\": 12,\r\n      \"offsetx\": 0,\r\n      \"offsety\": 0,\r\n      \"spaceabove\": 0,\r\n      \"spacebelow\": 0,\r\n      \"yvel\": 1,\r\n      \"push\": 0,\r\n      \"relid\": 8,\r\n      \"frameOverflow\": \"both\",\r\n      \"dosync\": false\r\n    },\r\n    {\r\n      \"type\": \"text\",\r\n      \"cont\": \"<div><div><div><div data-type=\\\"text\\\" data-yvel=\\\"1\\\"><p class=\\\"_textecourant\\\"><span style=\\\"font-family: aileron_semibold;\\\">L\u2019\u00e9diteur du site est titulaire des droits de propri\u00e9t\u00e9 intellectuelle sur l\u2019ensemble des \u00e9l\u00e9ments composants le site. Par cons\u00e9quent, toute reproduction, repr\u00e9sentation, adaptation, traduction et\/ou transformation partielle ou int\u00e9grale, et\/ou un transfert sur un autre site Internet de tout \u00e9l\u00e9ment ou donn\u00e9e composant le site, ainsi que toute reproduction des marques et\/ou logos figurant sur le site, par quelque moyen que ce soit, sans autorisation pr\u00e9alable et \u00e9crite de l\u2019\u00e9diteur, est strictement interdite. \u00c0 l\u2019exception de sites diffusant des informations et\/ou contenus ayant un caract\u00e8re ill\u00e9gal et\/ou \u00e0 caract\u00e8re politique, religieux, pornographique, x\u00e9nophobe, vous pouvez cr\u00e9er un lien hypertexte vers le site. Ce lien devra diriger vers la page d\u2019accueil du site et ouvrir le site dans une nouvelle fen\u00eatre de navigation laissant appara\u00eetre l\u2019adresse https:\/\/luzmorenopinart.com<\/span><\/p><\/div><\/div><\/div><\/div>\",\r\n      \"align\": \"top\",\r\n      \"row\": 2,\r\n      \"col\": 1,\r\n      \"colspan\": 10,\r\n      \"offsetx\": 0,\r\n      \"offsety\": 0,\r\n      \"spaceabove\": 2,\r\n      \"spacebelow\": 2,\r\n      \"yvel\": 1,\r\n      \"push\": 1,\r\n      \"relid\": 4,\r\n      \"frameOverflow\": \"\",\r\n      \"dosync\": false\r\n    }\r\n  ]\r\n}","_links":{"self":[{"href":"http:\/\/luzmorenopinart.com\/en\/wp-json\/wp\/v2\/pages\/271"}],"collection":[{"href":"http:\/\/luzmorenopinart.com\/en\/wp-json\/wp\/v2\/pages"}],"about":[{"href":"http:\/\/luzmorenopinart.com\/en\/wp-json\/wp\/v2\/types\/page"}],"author":[{"embeddable":true,"href":"http:\/\/luzmorenopinart.com\/en\/wp-json\/wp\/v2\/users\/1"}],"replies":[{"embeddable":true,"href":"http:\/\/luzmorenopinart.com\/en\/wp-json\/wp\/v2\/comments?post=271"}],"version-history":[{"count":0,"href":"http:\/\/luzmorenopinart.com\/en\/wp-json\/wp\/v2\/pages\/271\/revisions"}],"wp:attachment":[{"href":"http:\/\/luzmorenopinart.com\/en\/wp-json\/wp\/v2\/media?parent=271"}],"curies":[{"name":"wp","href":"https:\/\/api.w.org\/{rel}","templated":true}]}}